{"id":3,"date":"2018-12-27T00:59:40","date_gmt":"2018-12-26T23:59:40","guid":{"rendered":"http:\/\/isabelle-stanislas.com\/?page_id=3"},"modified":"2019-01-25T17:15:16","modified_gmt":"2019-01-25T16:15:16","slug":"confidentialite-cookies","status":"publish","type":"page","link":"https:\/\/isabelle-stanislas.com\/en\/confidentialite-cookies\/","title":{"rendered":"Privacy &#038; Cookie Policy"},"content":{"rendered":"<p>La politique de Confidentialit\u00e9 &amp; Cookies pr\u00e9sent\u00e9e ici vise \u00e0 expliquer comment vos donn\u00e9es personnelles sont trait\u00e9es et utilis\u00e9es. Veuillez noter qu\u2019en utilisant le site www.isabelle-stanislas.com, vous en acceptez les pratiques ci-dessous explicit\u00e9es.<\/p>\n<p>&nbsp;<\/p>\n<h2>Contr\u00f4leur de donn\u00e9es et coordonn\u00e9es de contact<\/h2>\n<p>Le contr\u00f4leur de donn\u00e9es est l&#8217;agence Isabelle Stanislas. Pour toute question, commentaire ou demande, n\u2019h\u00e9sitez pas \u00e0 nous contacter.<\/p>\n<p>&nbsp;<\/p>\n<h2>Information pour les internautes<\/h2>\n<p>\u00c0 chaque ordinateur connect\u00e9 au r\u00e9seau Internet est attribu\u00e9 un nom de domaine et une adresse IP. Quand un internaute ouvre une page web depuis le site internet www.isabelle-stanislas.com, nos serveurs identifient automatiquement et enregistrent la requ\u00eate HTTP effectu\u00e9e. Cette information ne r\u00e9v\u00e8le aucun \u00e9l\u00e9ment qui vous est personnel.<\/p>\n<p>En fait, les seules donn\u00e9es que nous collectons automatiquement et que nous enregistrons sont les suivantes : l\u2019adresse IP du site depuis lequel vous avez \u00e9ventuellement \u00e9t\u00e9 redirig\u00e9\/e, la page web que vous avez peut-\u00eatre consult\u00e9e en lien avec nos services, l\u2019identifiant du produit, afin de connaitre la version et le type de navigateur (par exemple : Chrome ou Firefox), la plate-forme du syst\u00e8me d\u2019exploitation que vous utilisez (par exemple : Mac ou Windows), les mots-cl\u00e9s de recherche ou les termes sugg\u00e9r\u00e9s par un moteur de recherche (par exemple : Google ou Yahoo), ainsi que toutes donn\u00e9es collect\u00e9es par les outils de Google Webmaster et\/ou de Google Analytics.<\/p>\n<p>L&#8217;agence Isabelle Stanislas juge avantageux d\u2019analyser les flux d\u2019internautes pour harmoniser au maximum les navigateurs et les syst\u00e8mes d\u2019exploitation qui acc\u00e8dent \u00e0 notre site. En proc\u00e9dant \u00e0 cette analyse des flux, des URL de r\u00e9f\u00e9rence et des termes de moteurs de recherche, nous am\u00e9liorons strat\u00e9giquement notre visibilit\u00e9 sur Internet.<\/p>\n<p>&nbsp;<\/p>\n<h2>Cookies et informations de navigation<\/h2>\n<p>Le site www.isabelle-stanislas.com utilise des cookies : ce sont des petits fichiers plac\u00e9s sur votre ordinateur pour aider le site \u00e0 fournir une meilleure utilisation. Le plus souvent, les cookies sont utilis\u00e9s pour conserver les pr\u00e9f\u00e9rences des internautes, pour sauvegarder des informations relatives au panier d\u2019achat par exemple et pour fournir des suivis anonymes de donn\u00e9es \u00e0 des applications tierces telles que Google Analytics.<\/p>\n<p>En r\u00e8gle g\u00e9n\u00e9rale, l\u2019utilisation des cookies am\u00e9liorera votre navigation. Cependant, vous pr\u00e9f\u00e9rerez peut-\u00eatre d\u00e9sactiver les cookies, que ce soit sur ce site ou d\u2019autres sites. La manipulation la plus efficace est de d\u00e9sactiver les cookies \u00e0 partir de votre navigateur.<\/p>\n<p>Nous vous conseillons de consulter l\u2019Aide en ligne de votre navigateur ou de consulter le site www.cnil.fr\/site-webcookies-et-autres-traceurs qui vise \u00e0 vous guider dans votre gestion des pr\u00e9f\u00e9rences sur tout navigateur actuel.<\/p>\n<p>&nbsp;<\/p>\n<h2>Autres donn\u00e9es collect\u00e9es<\/h2>\n<p>Nous pouvons \u00e9galement vous demander votre adresse email, afin de vous ajouter \u00e0 notre liste de diffusion ou parce que vous avez demand\u00e9 \u00e0 nos services de vous contacter pour des renseignements compl\u00e9mentaires. Quand nous requ\u00e9rons l\u2019identit\u00e9 d\u2019un internaute, nous en indiquons clairement la raison, avant toute r\u00e9ponse \u00e0 une demande d\u2019information.<\/p>\n<p>Dans la plupart des cas, pour entrer en contact avec nous, une demande de donn\u00e9es sera n\u00e9cessaire.<\/p>\n<p>Nous pouvons \u00eatre amen\u00e9s \u00e0 collecter, traiter et utiliser vos donn\u00e9es personnelles afin de g\u00e9rer notre relation client avec vous.<\/p>\n<p>Toutes donn\u00e9es personnelles trait\u00e9es avec votre consentement seront conserv\u00e9es tant que vous consentez \u00e0 leur traitement. Nous nous assurerons du renouvellement de votre consentement aux moments opportuns.<\/p>\n<p>&nbsp;<\/p>\n<h2>Vos droits relatifs \u00e0 vos donn\u00e9es personnelles<\/h2>\n<p>Il existe un certain nombre de droits relatifs \u00e0 vos donn\u00e9es personnelles, tels que le droit d\u2019en requ\u00e9rir l\u2019acc\u00e8s, la rectification ou la suppression, le droit de restreindre le traitement que nous pourrions en faire, et m\u00eame de vous opposer \u00e0 ce traitement, ou bien encore le droit \u00e0 la portabilit\u00e9 des donn\u00e9es. Si vous souhaitez effectuer une demande de cette nature, veuillez nous contacter.<\/p>\n<p><span style=\"text-decoration: underline;\">Droit de retirer son consentement<\/span><br \/>\nSi nous avons trait\u00e9 vos donn\u00e9es personnelles sur la base juridique du consentement, vous avez le droit de retirer votre consentement \u00e0 tout moment, sans compromettre la l\u00e9galit\u00e9 du traitement de donn\u00e9es effectu\u00e9 pr\u00e9alablement au retrait du consentement.<\/p>\n<p><span style=\"text-decoration: underline;\">Droit d\u2019introduction de r\u00e9clamation<\/span><br \/>\nSi vous des doutes sur la fa\u00e7on dont nous avons trait\u00e9 vos donn\u00e9es personnelles, veuillez nous contacter pour que nous puissions les dissiper.<\/p>\n<p>Vous avez \u00e9galement le droit d\u2019introduire une r\u00e9clamation relative \u00e0 notre traitement de vos donn\u00e9es aupr\u00e8s de la CNIL ou de tout pr\u00e9pos\u00e9 d\u2019une autorit\u00e9 de contr\u00f4le.<\/p>\n<p><span style=\"text-decoration: underline;\">Politique anti-spam<\/span><br \/>\nNous faisons usage d\u2019une politique \u2018anti-spam\u2019 stricte qui implique de ne pas vendre, louer ou d\u2019une fa\u00e7on ou d\u2019une autre r\u00e9v\u00e9ler votre adresse email \u00e0 des tierces parties sans votre accord. De surcroit, la soci\u00e9t\u00e9 Isabelle Stanislas ne vous enverra aucuns emails en dehors de ceux que vous avez accept\u00e9 de recevoir.<\/p>\n<p><span style=\"text-decoration: underline;\">Tierces Parties<\/span><br \/>\nLa soci\u00e9t\u00e9 Isabelle Stanislas ne divulguera pas vos donn\u00e9es personnelles, quelque soit leur nature, ni aucune information enregistr\u00e9e, \u00e0 des tierces parties, \u00e0 moins que la loi ne l\u2019y oblige.<\/p>\n<p><span style=\"text-decoration: underline;\">S\u00e9curit\u00e9<\/span><br \/>\nLa soci\u00e9t\u00e9 Isabelle Stanislas utilise toutes les pr\u00e9cautions raisonnables pour s\u00e9curiser les donn\u00e9es divulgu\u00e9es envers ses services.<\/p>\n<p><span style=\"text-decoration: underline;\">Modification de la Politique de Confidentialit\u00e9<\/span><br \/>\nToute modification de notre politique de Confidentialit\u00e9 &amp; Cookies vous sera adress\u00e9e afin que vous soyez \u00e0 tout moment avis\u00e9\/e des donn\u00e9es que nous collectons, et \u00e0 quelles fins et dans quelles circonstances nous les divulguons.<\/p>\n<p>&nbsp;<\/p>\n","protected":false},"excerpt":{"rendered":"<p>La politique de Confidentialit\u00e9 &amp; Cookies pr\u00e9sent\u00e9e ici vise \u00e0 expliquer comment vos donn\u00e9es personnelles sont trait\u00e9es et utilis\u00e9es. Veuillez noter qu\u2019en utilisant le site www.isabelle-stanislas.com, vous en acceptez les pratiques ci-dessous explicit\u00e9es. &nbsp; Contr\u00f4leur de donn\u00e9es et coordonn\u00e9es de contact Le contr\u00f4leur de donn\u00e9es est l&#8217;agence Isabelle Stanislas. Pour toute question, commentaire ou demande, [&hellip;]<\/p>\n","protected":false},"author":1,"featured_media":0,"parent":0,"menu_order":6,"comment_status":"closed","ping_status":"open","template":"page-legal.php","meta":[],"_links":{"self":[{"href":"https:\/\/isabelle-stanislas.com\/en\/wp-json\/wp\/v2\/pages\/3"}],"collection":[{"href":"https:\/\/isabelle-stanislas.com\/en\/wp-json\/wp\/v2\/pages"}],"about":[{"href":"https:\/\/isabelle-stanislas.com\/en\/wp-json\/wp\/v2\/types\/page"}],"author":[{"embeddable":true,"href":"https:\/\/isabelle-stanislas.com\/en\/wp-json\/wp\/v2\/users\/1"}],"replies":[{"embeddable":true,"href":"https:\/\/isabelle-stanislas.com\/en\/wp-json\/wp\/v2\/comments?post=3"}],"version-history":[{"count":4,"href":"https:\/\/isabelle-stanislas.com\/en\/wp-json\/wp\/v2\/pages\/3\/revisions"}],"predecessor-version":[{"id":1774,"href":"https:\/\/isabelle-stanislas.com\/en\/wp-json\/wp\/v2\/pages\/3\/revisions\/1774"}],"wp:attachment":[{"href":"https:\/\/isabelle-stanislas.com\/en\/wp-json\/wp\/v2\/media?parent=3"}],"curies":[{"name":"wp","href":"https:\/\/api.w.org\/{rel}","templated":true}]}}