{"id":623,"date":"2019-01-06T17:24:59","date_gmt":"2019-01-06T16:24:59","guid":{"rendered":"http:\/\/isabelle-stanislas.com\/?page_id=623"},"modified":"2019-01-12T13:41:40","modified_gmt":"2019-01-12T12:41:40","slug":"mentions-legales","status":"publish","type":"page","link":"https:\/\/isabelle-stanislas.com\/en\/mentions-legales\/","title":{"rendered":"Legal Notice"},"content":{"rendered":"<p>The website \u00ab <a href=\"http:\/\/isabelle-stanislas.com\/\">www.isabelle-stanislas.com<\/a> \u00bb is published by the agency Isabelle Stanislas, 7 rue d\u2019Aboukir, 75002 Paris \u2013 France<\/p>\n<p>For any request concerning a product or service, suggestion, information or reaction to this website, please contact us.<\/p>\n<p>L\u2019ensemble des onglets commerciaux pr\u00e9sents sur isabelle-stanislas.com sont \u00e9dit\u00e9s par l&#8217;agence Isabelle Stanislas inscrite au RCS de Paris sous le num\u00e9ro 488 750 167 \u2013 Si\u00e8ge social : 7 rue d\u2019Aboukir, 75002 Paris, France.<\/p>\n<p>N\u00b0 de TVA intracommunautaire : FR65488750167<br \/>\nDirecteur de la publication : Isabelle Stanislas<br \/>\nH\u00e9bergeur : OVH \u2013 Si\u00e8ge social : 2 rue Kellermann, 59100 Roubaix, France \u2013 RCS Lille M\u00e9tropole 424 761 419 00045<\/p>\n<p>&nbsp;<\/p>\n<h2>Sites et pages Isabelle Stanislas des r\u00e9seaux sociaux<\/h2>\n<p>Les sites ou pages Isabelle Stanislas des r\u00e9seaux sociaux (tels que Facebook, Twitter, Instagram) sont \u00e9dit\u00e9s par l&#8217;agence Isabelle Stanislas.<\/p>\n<p>RCS de Paris sous le num\u00e9ro 488 750 167<br \/>\nSi\u00e8ge social : 7 rue d\u2019Aboukir, 75002 Paris, France<br \/>\nN\u00b0 de TVA : FR65488750167<br \/>\nDirecteur de la publication : Isabelle Stanislas<\/p>\n<p>&nbsp;<\/p>\n<h2>Copyright Isabelle Stanislas \u2013 2018 \u2013 Tous droits d\u2019auteur des textes et \u0153uvres r\u00e9serv\u00e9es<\/h2>\n<p>L&#8217;agence Isabelle Stanislas ne garantit en aucune fa\u00e7on, l\u2019exactitude, la pr\u00e9cision, ou l\u2019exhaustivit\u00e9 des informations mises \u00e0 disposition sur son site internet, y compris l\u2019ensemble des liens hypertextes ou toute autre liaison informatique utilis\u00e9es, directement ou indirectement, \u00e0 partir de son site.<\/p>\n<p>Le site internet est prot\u00e9g\u00e9 par le droit d\u2019auteur. L\u2019usage de tout ou partie du site, notamment par t\u00e9l\u00e9chargements, reproductions, transmissions ou repr\u00e9sentations sur tous supports et par tous proc\u00e9d\u00e9s, \u00e0 d\u2019autres fins que pour usage personnel et priv\u00e9 dans un but non commercial, est strictement interdit.<\/p>\n<p>Les d\u00e9nominations sociales, marques et signes distinctifs reproduits sur les sites sont \u00e9galement prot\u00e9g\u00e9s au titre du droit des marques. La reproduction ou la repr\u00e9sentation de tout ou partie des signes distinctifs doit faire l\u2019objet d\u2019une autorisation \u00e9crite pr\u00e9alable des titulaires des marques et signes.<\/p>\n<p>De fait toute reproduction ou repr\u00e9sentation non autoris\u00e9e de marques, logos, dessins, mod\u00e8les, \u0153uvres litt\u00e9raires, musicales, audiovisuelles, photographiques et plus g\u00e9n\u00e9ralement de tout \u00e9l\u00e9ment susceptible d\u2019\u00eatre prot\u00e9g\u00e9s par un droit de propri\u00e9t\u00e9 intellectuelle accessibles sur le site internet est interdite et constituerait une contrefa\u00e7on on au sens des articles L.335-2 et suivants du Code de la Propri\u00e9t\u00e9 Intellectuelle, \u00e0 moins que cette reproduction ou repr\u00e9sentation ne soit exclusivement r\u00e9serv\u00e9 \u00e0 un usage strictement personnel et priv\u00e9.<\/p>","protected":false},"excerpt":{"rendered":"<p>The website \u00ab www.isabelle-stanislas.com \u00bb is published by the agency Isabelle Stanislas, 7 rue d\u2019Aboukir, 75002 Paris \u2013 France For any request concerning a product or service, suggestion, information or reaction to this website, please contact us. L\u2019ensemble des onglets commerciaux pr\u00e9sents sur isabelle-stanislas.com sont \u00e9dit\u00e9s par l&#8217;agence Isabelle Stanislas inscrite au RCS de Paris [&hellip;]<\/p>\n","protected":false},"author":1,"featured_media":0,"parent":0,"menu_order":2,"comment_status":"closed","ping_status":"closed","template":"page-legal.php","meta":[],"_links":{"self":[{"href":"https:\/\/isabelle-stanislas.com\/en\/wp-json\/wp\/v2\/pages\/623"}],"collection":[{"href":"https:\/\/isabelle-stanislas.com\/en\/wp-json\/wp\/v2\/pages"}],"about":[{"href":"https:\/\/isabelle-stanislas.com\/en\/wp-json\/wp\/v2\/types\/page"}],"author":[{"embeddable":true,"href":"https:\/\/isabelle-stanislas.com\/en\/wp-json\/wp\/v2\/users\/1"}],"replies":[{"embeddable":true,"href":"https:\/\/isabelle-stanislas.com\/en\/wp-json\/wp\/v2\/comments?post=623"}],"version-history":[{"count":9,"href":"https:\/\/isabelle-stanislas.com\/en\/wp-json\/wp\/v2\/pages\/623\/revisions"}],"predecessor-version":[{"id":1414,"href":"https:\/\/isabelle-stanislas.com\/en\/wp-json\/wp\/v2\/pages\/623\/revisions\/1414"}],"wp:attachment":[{"href":"https:\/\/isabelle-stanislas.com\/en\/wp-json\/wp\/v2\/media?parent=623"}],"curies":[{"name":"wp","href":"https:\/\/api.w.org\/{rel}","templated":true}]}}